{"id":32928,"date":"2026-01-12T16:04:07","date_gmt":"2026-01-12T15:04:07","guid":{"rendered":"https:\/\/aebanca.es\/legal-notice\/"},"modified":"2026-03-30T17:30:31","modified_gmt":"2026-03-30T15:30:31","slug":"legal-notice","status":"publish","type":"page","link":"https:\/\/aebanca.es\/en\/legal-notice\/","title":{"rendered":"Legal notice"},"content":{"rendered":"\t\t<div data-elementor-type=\"wp-page\" data-elementor-id=\"32928\" class=\"elementor elementor-32928 elementor-13919\" data-elementor-post-type=\"page\">\n\t\t\t\t<div class=\"elementor-element elementor-element-6a15b22 e-flex e-con-boxed e-con e-parent\" data-id=\"6a15b22\" data-element_type=\"container\" data-e-type=\"container\" data-settings=\"{&quot;background_background&quot;:&quot;classic&quot;,&quot;jet_parallax_layout_list&quot;:[]}\">\n\t\t\t\t\t<div class=\"e-con-inner\">\n\t\t<div class=\"elementor-element elementor-element-ef8bfe8 e-con-full e-flex e-con e-child\" data-id=\"ef8bfe8\" data-element_type=\"container\" data-e-type=\"container\" data-settings=\"{&quot;jet_parallax_layout_list&quot;:[]}\">\n\t\t\t\t<div class=\"elementor-element elementor-element-68a93bd elementor-widget elementor-widget-heading\" data-id=\"68a93bd\" data-element_type=\"widget\" data-e-type=\"widget\" data-widget_type=\"heading.default\">\n\t\t\t\t\t<h1 class=\"elementor-heading-title elementor-size-default\">Legal notice<\/h1>\t\t\t\t<\/div>\n\t\t\t\t<\/div>\n\t\t\t\t\t<\/div>\n\t\t\t\t<\/div>\n\t\t<div class=\"elementor-element elementor-element-3b99c2c e-con-full e-flex e-con e-parent\" data-id=\"3b99c2c\" data-element_type=\"container\" data-e-type=\"container\" data-settings=\"{&quot;background_background&quot;:&quot;classic&quot;,&quot;jet_parallax_layout_list&quot;:[]}\">\n\t\t<div class=\"elementor-element elementor-element-47f6a3c e-flex e-con-boxed e-con e-child\" data-id=\"47f6a3c\" data-element_type=\"container\" data-e-type=\"container\" data-settings=\"{&quot;background_background&quot;:&quot;classic&quot;,&quot;jet_parallax_layout_list&quot;:[]}\">\n\t\t\t\t\t<div class=\"e-con-inner\">\n\t\t<div class=\"elementor-element elementor-element-b532499 e-con-full e-flex e-con e-child\" data-id=\"b532499\" data-element_type=\"container\" data-e-type=\"container\" data-settings=\"{&quot;jet_parallax_layout_list&quot;:[]}\">\n\t\t\t\t<div class=\"elementor-element elementor-element-addf36b elementor-widget elementor-widget-breadcrumbs\" data-id=\"addf36b\" data-element_type=\"widget\" data-e-type=\"widget\" data-widget_type=\"breadcrumbs.default\">\n\t\t\t\t\t<p id=\"breadcrumbs\"><span><span><a href=\"https:\/\/aebanca.es\/en\/\">Home<\/a><\/span><\/span><\/p>\t\t\t\t<\/div>\n\t\t\t\t<\/div>\n\t\t<div class=\"elementor-element elementor-element-4c4d5b4 e-con-full e-flex e-con e-child\" data-id=\"4c4d5b4\" data-element_type=\"container\" data-e-type=\"container\" data-settings=\"{&quot;jet_parallax_layout_list&quot;:[]}\">\n\t\t\t\t<div class=\"elementor-element elementor-element-67c306c elementor-widget elementor-widget-heading\" data-id=\"67c306c\" data-element_type=\"widget\" data-e-type=\"widget\" data-widget_type=\"heading.default\">\n\t\t\t\t\t<h3 class=\"elementor-heading-title elementor-size-default\">LEGAL NOTICE<\/h3>\t\t\t\t<\/div>\n\t\t\t\t<\/div>\n\t\t<div class=\"elementor-element elementor-element-40831ad e-con-full e-flex e-con e-child\" data-id=\"40831ad\" data-element_type=\"container\" data-e-type=\"container\" data-settings=\"{&quot;jet_parallax_layout_list&quot;:[]}\">\n\t\t\t\t<div class=\"elementor-element elementor-element-edd12e2 elementor-widget elementor-widget-text-editor\" data-id=\"edd12e2\" data-element_type=\"widget\" data-e-type=\"widget\" data-widget_type=\"text-editor.default\">\n\t\t\t\t\t\t\t\t\t<p>The Spanish Banking Association (Asociaci\u00f3n Espa\u00f1ola de Banca), in compliance with Law 34\/2002, of July 11, on information society services and electronic commerce, informs you that:<\/p>\t\t\t\t\t\t\t\t<\/div>\n\t\t\t\t<div class=\"elementor-element elementor-element-8cf6a8f aviso-legal elementor-widget elementor-widget-text-editor\" data-id=\"8cf6a8f\" data-element_type=\"widget\" data-e-type=\"widget\" data-widget_type=\"text-editor.default\">\n\t\t\t\t\t\t\t\t\t<ul>\n \t<li>Its corporate name is Asociaci\u00f3n Espa\u00f1ola de Banca; its Tax Identification Number (CIF) is G28515153; it is registered in the Central Office for the Deposit of Statutes of professional organizations under No. 395, currently No. 99000417; its registered office is at P\u00ba<sup> <\/sup>de la Castellana, 259 D. Torre Espacio \u2013 Floor 30. 28046 Madrid.<\/li><br> \t<li>To communicate with us, we provide various means of contact which you will find on our website www.aebanca.es.<\/li><br> \t<li>The Spanish Banking Association informs that the website <a href=\"http:\/\/aebanca.es\/\">www.aebanca.es<\/a> aims to provide the general public with information regarding the activities this organization carries out and the services it provides.<\/li><br> \t<li>The Spanish Banking Association, in accordance with current legislation on personal data protection, specifically Regulation 2016\/679 of the European Parliament and of the Council of April 27, 2016, guarantees the security and confidentiality of data. See <a href=\"https:\/\/www.aebanca.es\/politica-de-privacidad\">Privacy Policy<\/a>.<\/li><br> \t<li>The intellectual property rights of the website <a href=\"https:\/\/www.aebanca.es\/politica-de-privacidad\">www.aebanca.es<\/a> and the various elements contained therein are owned by the Spanish Banking Association.<\/li><br> \t<li>This organization holds the exclusive exercise of the exploitation rights of the same in any form and, in particular, the rights of reproduction, distribution, public communication, and transformation.<\/li><br> \t<li>The right to partial reproduction of its content is granted provided that the following conditions are met:<br>            <ul>\n                <li>  That it is compatible with the purposes of the aebanca.es website.<\/li>\n                <li>  That it is not carried out for commercial purposes.\n                <\/li>\n                <li>  That none of the documents or graphics related to the website are modified in any way.\n                <\/li>\n                <li>  That no graphic available on the website is used, copied, or distributed separately from the text or other images that accompany it.\n                <\/li>\n                <li>  That it is previously communicated to aebanca.es.<\/li>\n            <\/ul>\n<\/li><br><li>  The Spanish Banking Association reserves the right to make, at any time and without prior notice, modifications and updates to the information contained on its website or in its configuration and presentation.\n<\/li><br><li>  The Spanish Banking Association does not guarantee the absence of errors in accessing the website, in its content, or that it is up to date, although it will make its best efforts to avoid, correct, or update them as necessary.<\/li><br><li>  Both access to this website and the use that may be made of the information contained therein is the sole responsibility of the user. The Spanish Banking Association shall not be liable for any consequence, damage, or harm that may arise from such access or use of information.<\/li><br><li>  The Spanish Banking Association assumes no responsibility derived from the connection or contents of third-party links referred to on the website.<\/li><br><li>  The unauthorized use of the information contained on this website, as well as the infringement of the Intellectual Property rights of the Spanish Banking Association, will lead to legally established responsibilities.\n<\/li><br><li>  The Spanish Banking Association is not responsible for any possible security errors that may occur nor for any possible damage that may be caused to the user&#8217;s computer system (hardware and software), or the files or documents stored therein, as a result of the presence of a virus on the user&#8217;s computer used to connect to the services and contents of <a href=\"https:\/\/www.aebanca.es\/politica-de-privacidad\">www.aebanca.es<\/a>, a browser malfunction, or the use of outdated versions of the same.<\/li><br>\n<li>  Cookies are a tool used by web servers to store and retrieve information about their visitors. They are small text files that we send to your computer to keep a record of your preferences and remember them upon your return.\n<\/li><br><li>  The Spanish Banking Association reserves the right to use cookies to facilitate navigation through its website and to achieve greater efficiency and personalization of the services offered to users. The cookies used by the Spanish Banking Association allow for the storage of information on the user&#8217;s browsing preferences, in order to show content of special interest according to their profile.\n<\/li><br><li>  The user can freely decide whether or not to implement the cookies used by the Spanish Banking Association on their hard drive.<\/li><br><li>  In this sense, the user can configure their browser to accept or reject all cookies by default, or to receive an on-screen notification of the receipt of each cookie and decide at that moment whether or not to implement it on their hard drive. To do this, we suggest consulting the help section of your browser to learn how to change the configuration you currently use.<\/li>\n<\/ul>\t\t\t\t\t\t\t\t<\/div>\n\t\t\t\t<\/div>\n\t\t\t\t\t<\/div>\n\t\t\t\t<\/div>\n\t\t\t\t<\/div>\n\t\t\t\t<\/div>\n\t\t","protected":false},"excerpt":{"rendered":"<p>LEGAL NOTICE The Spanish Banking Association (Asociaci\u00f3n Espa\u00f1ola de Banca), in compliance with Law 34\/2002, of July 11, on information society services and electronic commerce, informs you that: Its corporate name is Asociaci\u00f3n Espa\u00f1ola de Banca; its Tax Identification Number (CIF) is G28515153; it is registered in the Central Office for the Deposit of Statutes [&hellip;]<\/p>\n","protected":false},"author":1,"featured_media":0,"parent":0,"menu_order":0,"comment_status":"closed","ping_status":"closed","template":"elementor_header_footer","meta":{"footnotes":""},"class_list":["post-32928","page","type-page","status-publish","hentry"],"yoast_head":"<!-- This site is optimized with the Yoast SEO plugin v27.4 - https:\/\/yoast.com\/product\/yoast-seo-wordpress\/ -->\n<title>Legal notice - Asociaci\u00f3n Espa\u00f1ola de Banca<\/title>\n<meta name=\"robots\" content=\"index, follow, max-snippet:-1, max-image-preview:large, max-video-preview:-1\" \/>\n<link rel=\"canonical\" href=\"https:\/\/aebanca.es\/en\/legal-notice\/\" \/>\n<meta property=\"og:locale\" content=\"en_US\" \/>\n<meta property=\"og:type\" content=\"article\" \/>\n<meta property=\"og:title\" content=\"Legal notice - Asociaci\u00f3n Espa\u00f1ola de Banca\" \/>\n<meta property=\"og:description\" content=\"LEGAL NOTICE The Spanish Banking Association (Asociaci\u00f3n Espa\u00f1ola de Banca), in compliance with Law 34\/2002, of July 11, on information society services and electronic commerce, informs you that: Its corporate name is Asociaci\u00f3n Espa\u00f1ola de Banca; its Tax Identification Number (CIF) is G28515153; it is registered in the Central Office for the Deposit of Statutes [&hellip;]\" \/>\n<meta property=\"og:url\" content=\"https:\/\/aebanca.es\/en\/legal-notice\/\" \/>\n<meta property=\"og:site_name\" content=\"Asociaci\u00f3n Espa\u00f1ola de Banca\" \/>\n<meta property=\"article:modified_time\" content=\"2026-03-30T15:30:31+00:00\" \/>\n<meta name=\"twitter:card\" content=\"summary_large_image\" \/>\n<meta name=\"twitter:label1\" content=\"Est. reading time\" \/>\n\t<meta name=\"twitter:data1\" content=\"4 minutes\" \/>\n<script type=\"application\/ld+json\" class=\"yoast-schema-graph\">{\"@context\":\"https:\\\/\\\/schema.org\",\"@graph\":[{\"@type\":\"WebPage\",\"@id\":\"https:\\\/\\\/aebanca.es\\\/en\\\/legal-notice\\\/\",\"url\":\"https:\\\/\\\/aebanca.es\\\/en\\\/legal-notice\\\/\",\"name\":\"Legal notice - Asociaci\u00f3n Espa\u00f1ola de Banca\",\"isPartOf\":{\"@id\":\"https:\\\/\\\/aebanca.es\\\/en\\\/#website\"},\"datePublished\":\"2026-01-12T15:04:07+00:00\",\"dateModified\":\"2026-03-30T15:30:31+00:00\",\"breadcrumb\":{\"@id\":\"https:\\\/\\\/aebanca.es\\\/en\\\/legal-notice\\\/#breadcrumb\"},\"inLanguage\":\"en-US\",\"potentialAction\":[{\"@type\":\"ReadAction\",\"target\":[\"https:\\\/\\\/aebanca.es\\\/en\\\/legal-notice\\\/\"]}]},{\"@type\":\"BreadcrumbList\",\"@id\":\"https:\\\/\\\/aebanca.es\\\/en\\\/legal-notice\\\/#breadcrumb\",\"itemListElement\":[{\"@type\":\"ListItem\",\"position\":1,\"name\":\"Home\",\"item\":\"https:\\\/\\\/aebanca.es\\\/en\\\/\"},{\"@type\":\"ListItem\",\"position\":2,\"name\":\"Legal notice\"}]},{\"@type\":\"WebSite\",\"@id\":\"https:\\\/\\\/aebanca.es\\\/en\\\/#website\",\"url\":\"https:\\\/\\\/aebanca.es\\\/en\\\/\",\"name\":\"AEB\",\"description\":\"Asociaci\u00f3n Espa\u00f1ola de Banca\",\"publisher\":{\"@id\":\"https:\\\/\\\/aebanca.es\\\/en\\\/#organization\"},\"potentialAction\":[{\"@type\":\"SearchAction\",\"target\":{\"@type\":\"EntryPoint\",\"urlTemplate\":\"https:\\\/\\\/aebanca.es\\\/en\\\/?s={search_term_string}\"},\"query-input\":{\"@type\":\"PropertyValueSpecification\",\"valueRequired\":true,\"valueName\":\"search_term_string\"}}],\"inLanguage\":\"en-US\"},{\"@type\":\"Organization\",\"@id\":\"https:\\\/\\\/aebanca.es\\\/en\\\/#organization\",\"name\":\"AEB\",\"url\":\"https:\\\/\\\/aebanca.es\\\/en\\\/\",\"logo\":{\"@type\":\"ImageObject\",\"inLanguage\":\"en-US\",\"@id\":\"https:\\\/\\\/aebanca.es\\\/en\\\/#\\\/schema\\\/logo\\\/image\\\/\",\"url\":\"https:\\\/\\\/aebanca.es\\\/wp-content\\\/uploads\\\/2025\\\/07\\\/LOGO-AEB-menu.svg\",\"contentUrl\":\"https:\\\/\\\/aebanca.es\\\/wp-content\\\/uploads\\\/2025\\\/07\\\/LOGO-AEB-menu.svg\",\"width\":57,\"height\":22,\"caption\":\"AEB\"},\"image\":{\"@id\":\"https:\\\/\\\/aebanca.es\\\/en\\\/#\\\/schema\\\/logo\\\/image\\\/\"}}]}<\/script>\n<!-- \/ Yoast SEO plugin. -->","yoast_head_json":{"title":"Legal notice - Asociaci\u00f3n Espa\u00f1ola de Banca","robots":{"index":"index","follow":"follow","max-snippet":"max-snippet:-1","max-image-preview":"max-image-preview:large","max-video-preview":"max-video-preview:-1"},"canonical":"https:\/\/aebanca.es\/en\/legal-notice\/","og_locale":"en_US","og_type":"article","og_title":"Legal notice - Asociaci\u00f3n Espa\u00f1ola de Banca","og_description":"LEGAL NOTICE The Spanish Banking Association (Asociaci\u00f3n Espa\u00f1ola de Banca), in compliance with Law 34\/2002, of July 11, on information society services and electronic commerce, informs you that: Its corporate name is Asociaci\u00f3n Espa\u00f1ola de Banca; its Tax Identification Number (CIF) is G28515153; it is registered in the Central Office for the Deposit of Statutes [&hellip;]","og_url":"https:\/\/aebanca.es\/en\/legal-notice\/","og_site_name":"Asociaci\u00f3n Espa\u00f1ola de Banca","article_modified_time":"2026-03-30T15:30:31+00:00","twitter_card":"summary_large_image","twitter_misc":{"Est. reading time":"4 minutes"},"schema":{"@context":"https:\/\/schema.org","@graph":[{"@type":"WebPage","@id":"https:\/\/aebanca.es\/en\/legal-notice\/","url":"https:\/\/aebanca.es\/en\/legal-notice\/","name":"Legal notice - Asociaci\u00f3n Espa\u00f1ola de Banca","isPartOf":{"@id":"https:\/\/aebanca.es\/en\/#website"},"datePublished":"2026-01-12T15:04:07+00:00","dateModified":"2026-03-30T15:30:31+00:00","breadcrumb":{"@id":"https:\/\/aebanca.es\/en\/legal-notice\/#breadcrumb"},"inLanguage":"en-US","potentialAction":[{"@type":"ReadAction","target":["https:\/\/aebanca.es\/en\/legal-notice\/"]}]},{"@type":"BreadcrumbList","@id":"https:\/\/aebanca.es\/en\/legal-notice\/#breadcrumb","itemListElement":[{"@type":"ListItem","position":1,"name":"Home","item":"https:\/\/aebanca.es\/en\/"},{"@type":"ListItem","position":2,"name":"Legal notice"}]},{"@type":"WebSite","@id":"https:\/\/aebanca.es\/en\/#website","url":"https:\/\/aebanca.es\/en\/","name":"AEB","description":"Asociaci\u00f3n Espa\u00f1ola de Banca","publisher":{"@id":"https:\/\/aebanca.es\/en\/#organization"},"potentialAction":[{"@type":"SearchAction","target":{"@type":"EntryPoint","urlTemplate":"https:\/\/aebanca.es\/en\/?s={search_term_string}"},"query-input":{"@type":"PropertyValueSpecification","valueRequired":true,"valueName":"search_term_string"}}],"inLanguage":"en-US"},{"@type":"Organization","@id":"https:\/\/aebanca.es\/en\/#organization","name":"AEB","url":"https:\/\/aebanca.es\/en\/","logo":{"@type":"ImageObject","inLanguage":"en-US","@id":"https:\/\/aebanca.es\/en\/#\/schema\/logo\/image\/","url":"https:\/\/aebanca.es\/wp-content\/uploads\/2025\/07\/LOGO-AEB-menu.svg","contentUrl":"https:\/\/aebanca.es\/wp-content\/uploads\/2025\/07\/LOGO-AEB-menu.svg","width":57,"height":22,"caption":"AEB"},"image":{"@id":"https:\/\/aebanca.es\/en\/#\/schema\/logo\/image\/"}}]}},"_links":{"self":[{"href":"https:\/\/aebanca.es\/en\/wp-json\/wp\/v2\/pages\/32928","targetHints":{"allow":["GET"]}}],"collection":[{"href":"https:\/\/aebanca.es\/en\/wp-json\/wp\/v2\/pages"}],"about":[{"href":"https:\/\/aebanca.es\/en\/wp-json\/wp\/v2\/types\/page"}],"author":[{"embeddable":true,"href":"https:\/\/aebanca.es\/en\/wp-json\/wp\/v2\/users\/1"}],"replies":[{"embeddable":true,"href":"https:\/\/aebanca.es\/en\/wp-json\/wp\/v2\/comments?post=32928"}],"version-history":[{"count":1,"href":"https:\/\/aebanca.es\/en\/wp-json\/wp\/v2\/pages\/32928\/revisions"}],"predecessor-version":[{"id":32931,"href":"https:\/\/aebanca.es\/en\/wp-json\/wp\/v2\/pages\/32928\/revisions\/32931"}],"wp:attachment":[{"href":"https:\/\/aebanca.es\/en\/wp-json\/wp\/v2\/media?parent=32928"}],"curies":[{"name":"wp","href":"https:\/\/api.w.org\/{rel}","templated":true}]}}