{"id":32665,"date":"2025-09-05T11:04:52","date_gmt":"2025-09-05T09:04:52","guid":{"rendered":"https:\/\/aebanca.es\/interviews\/"},"modified":"2026-03-30T17:29:30","modified_gmt":"2026-03-30T15:29:30","slug":"interviews","status":"publish","type":"page","link":"https:\/\/aebanca.es\/en\/latest-news\/you-may-be-interested-in\/interviews\/","title":{"rendered":"Interviews"},"content":{"rendered":"\t\t<div data-elementor-type=\"wp-page\" data-elementor-id=\"32665\" class=\"elementor elementor-32665 elementor-1957\" data-elementor-post-type=\"page\">\n\t\t\t\t<div class=\"elementor-element elementor-element-f079a60 e-flex e-con-boxed e-con e-parent\" data-id=\"f079a60\" data-element_type=\"container\" data-e-type=\"container\" data-settings=\"{&quot;background_background&quot;:&quot;classic&quot;,&quot;jet_parallax_layout_list&quot;:[]}\">\n\t\t\t\t\t<div class=\"e-con-inner\">\n\t\t<div class=\"elementor-element elementor-element-5072feb e-con-full e-flex e-con e-child\" data-id=\"5072feb\" data-element_type=\"container\" data-e-type=\"container\" data-settings=\"{&quot;jet_parallax_layout_list&quot;:[]}\">\n\t\t\t\t<div class=\"elementor-element elementor-element-c12ab4c elementor-widget elementor-widget-heading\" data-id=\"c12ab4c\" data-element_type=\"widget\" data-e-type=\"widget\" data-widget_type=\"heading.default\">\n\t\t\t\t\t<h1 class=\"elementor-heading-title elementor-size-default\">Interviews<\/h1>\t\t\t\t<\/div>\n\t\t\t\t<div class=\"elementor-element elementor-element-eac87cf elementor-widget__width-initial elementor-widget-mobile__width-inherit elementor-widget elementor-widget-text-editor\" data-id=\"eac87cf\" data-element_type=\"widget\" data-e-type=\"widget\" data-widget_type=\"text-editor.default\">\n\t\t\t\t\t\t\t\t\tDiscover the insights of banking sector leaders on relevant current and future topics.\t\t\t\t\t\t\t\t<\/div>\n\t\t\t\t<\/div>\n\t\t\t\t\t<\/div>\n\t\t\t\t<\/div>\n\t\t<div class=\"elementor-element elementor-element-2fa0ec2 e-con-full e-flex e-con e-parent\" data-id=\"2fa0ec2\" data-element_type=\"container\" data-e-type=\"container\" data-settings=\"{&quot;background_background&quot;:&quot;classic&quot;,&quot;jet_parallax_layout_list&quot;:[]}\">\n\t\t<div class=\"elementor-element elementor-element-91dea25 e-flex e-con-boxed e-con e-child\" data-id=\"91dea25\" data-element_type=\"container\" data-e-type=\"container\" data-settings=\"{&quot;jet_parallax_layout_list&quot;:[]}\">\n\t\t\t\t\t<div class=\"e-con-inner\">\n\t\t\t\t<div class=\"elementor-element elementor-element-7bd54f8 elementor-widget elementor-widget-breadcrumbs\" data-id=\"7bd54f8\" data-element_type=\"widget\" data-e-type=\"widget\" data-widget_type=\"breadcrumbs.default\">\n\t\t\t\t\t<p id=\"breadcrumbs\"><span><span><a href=\"https:\/\/aebanca.es\/en\/\">Home<\/a><\/span><\/span><\/p>\t\t\t\t<\/div>\n\t\t\t\t\t<\/div>\n\t\t\t\t<\/div>\n\t\t<div class=\"elementor-element elementor-element-da46286 e-flex e-con-boxed e-con e-child\" data-id=\"da46286\" data-element_type=\"container\" data-e-type=\"container\" data-settings=\"{&quot;background_background&quot;:&quot;classic&quot;,&quot;jet_parallax_layout_list&quot;:[]}\">\n\t\t\t\t\t<div class=\"e-con-inner\">\n\t\t<div class=\"elementor-element elementor-element-12dd996 e-con-full e-flex e-con e-child\" data-id=\"12dd996\" data-element_type=\"container\" data-e-type=\"container\" data-settings=\"{&quot;jet_parallax_layout_list&quot;:[]}\">\n\t\t\t\t<div class=\"elementor-element elementor-element-79efab6 elementor-widget elementor-widget-jet-listing-grid\" data-id=\"79efab6\" data-element_type=\"widget\" data-e-type=\"widget\" data-settings=\"{&quot;columns&quot;:&quot;1&quot;}\" data-widget_type=\"jet-listing-grid.default\">\n\t\t\t\t\t<div class=\"jet-listing-grid jet-listing\"><div class=\"jet-listing-grid__items grid-col-desk-1 grid-col-tablet-1 grid-col-mobile-1 jet-listing-grid--1967\" data-queried-id=\"32665|WP_Post\" data-nav=\"{&quot;enabled&quot;:false,&quot;type&quot;:null,&quot;more_el&quot;:null,&quot;query&quot;:[],&quot;widget_settings&quot;:{&quot;lisitng_id&quot;:1967,&quot;posts_num&quot;:1,&quot;columns&quot;:1,&quot;columns_tablet&quot;:1,&quot;columns_mobile&quot;:1,&quot;column_min_width&quot;:240,&quot;column_min_width_tablet&quot;:240,&quot;column_min_width_mobile&quot;:240,&quot;inline_columns_css&quot;:false,&quot;is_archive_template&quot;:&quot;&quot;,&quot;post_status&quot;:[&quot;publish&quot;],&quot;use_random_posts_num&quot;:&quot;&quot;,&quot;max_posts_num&quot;:9,&quot;not_found_message&quot;:&quot;No data was found&quot;,&quot;is_masonry&quot;:false,&quot;equal_columns_height&quot;:&quot;&quot;,&quot;use_load_more&quot;:&quot;&quot;,&quot;load_more_id&quot;:&quot;&quot;,&quot;load_more_type&quot;:&quot;click&quot;,&quot;load_more_offset&quot;:null,&quot;use_custom_post_types&quot;:&quot;yes&quot;,&quot;custom_post_types&quot;:[],&quot;hide_widget_if&quot;:&quot;&quot;,&quot;carousel_enabled&quot;:&quot;&quot;,&quot;slides_to_scroll&quot;:&quot;1&quot;,&quot;arrows&quot;:&quot;true&quot;,&quot;arrow_icon&quot;:&quot;fa fa-angle-left&quot;,&quot;dots&quot;:&quot;&quot;,&quot;autoplay&quot;:&quot;true&quot;,&quot;pause_on_hover&quot;:&quot;true&quot;,&quot;autoplay_speed&quot;:5000,&quot;infinite&quot;:&quot;true&quot;,&quot;center_mode&quot;:&quot;&quot;,&quot;effect&quot;:&quot;slide&quot;,&quot;speed&quot;:500,&quot;inject_alternative_items&quot;:&quot;&quot;,&quot;injection_items&quot;:[],&quot;scroll_slider_enabled&quot;:&quot;&quot;,&quot;scroll_slider_on&quot;:[&quot;desktop&quot;,&quot;tablet&quot;,&quot;mobile&quot;],&quot;custom_query&quot;:&quot;yes&quot;,&quot;custom_query_id&quot;:&quot;9&quot;,&quot;_element_id&quot;:&quot;&quot;,&quot;collapse_first_last_gap&quot;:false,&quot;list_tag_selection&quot;:&quot;&quot;,&quot;list_items_wrapper_tag&quot;:&quot;div&quot;,&quot;list_item_tag&quot;:&quot;div&quot;,&quot;empty_items_wrapper_tag&quot;:&quot;div&quot;}}\" data-page=\"1\" data-pages=\"25\" data-listing-source=\"query\" data-listing-id=\"1967\" data-query-id=\"9\"><div class=\"jet-listing-grid__item jet-listing-dynamic-post-37336\" data-post-id=\"37336\"  ><style type=\"text\/css\">.jet-listing-dynamic-post-37336 .elementor-element.elementor-element-f6e121f:not(.elementor-motion-effects-element-type-background), .jet-listing-dynamic-post-37336 .elementor-element.elementor-element-f6e121f > .elementor-motion-effects-container > .elementor-motion-effects-layer{background-image:url(\"https:\/\/aebanca.es\/wp-content\/uploads\/2025\/12\/maria-abascal-n.jpg\");}<\/style>\t\t<div data-elementor-type=\"jet-listing-items\" data-elementor-id=\"38868\" class=\"elementor elementor-38868 elementor-1967 elementor-1967\" data-elementor-post-type=\"jet-engine\">\n\t\t\t\t<div class=\"elementor-element elementor-element-f6e121f jedv-enabled--yes e-flex e-con-boxed e-con e-parent\" data-id=\"f6e121f\" data-element_type=\"container\" data-e-type=\"container\" data-settings=\"{&quot;background_background&quot;:&quot;classic&quot;,&quot;jet_parallax_layout_list&quot;:[]}\">\n\t\t\t\t\t<div class=\"e-con-inner\">\n\t\t\t\t\t<\/div>\n\t\t\t\t<\/div>\n\t\t<div class=\"elementor-element elementor-element-bb808d4 e-flex e-con-boxed e-con e-parent\" data-id=\"bb808d4\" data-element_type=\"container\" data-e-type=\"container\" data-settings=\"{&quot;jet_parallax_layout_list&quot;:[]}\">\n\t\t\t\t\t<div class=\"e-con-inner\">\n\t\t<div class=\"elementor-element elementor-element-476b905 e-con-full e-flex e-con e-child\" data-id=\"476b905\" data-element_type=\"container\" data-e-type=\"container\" data-settings=\"{&quot;jet_parallax_layout_list&quot;:[]}\">\n\t\t\t\t<div class=\"elementor-element elementor-element-6707d13 elementor-widget elementor-widget-jet-listing-dynamic-field\" data-id=\"6707d13\" data-element_type=\"widget\" data-e-type=\"widget\" data-widget_type=\"jet-listing-dynamic-field.default\">\n\t\t\t\t\t<div class=\"jet-listing-dynamic-field__content\" >March 3, 2026<\/div>\t\t\t\t<\/div>\n\t\t\t\t<div class=\"elementor-element elementor-element-2292507 elementor-widget elementor-widget-heading\" data-id=\"2292507\" data-element_type=\"widget\" data-e-type=\"widget\" data-widget_type=\"heading.default\">\n\t\t\t\t\t<h2 class=\"elementor-heading-title elementor-size-default\">Mar\u00eda Abascal: \u201cPan-European consolidation is the litmus test for the banking union\u201d<\/h2>\t\t\t\t<\/div>\n\t\t\t\t<div class=\"elementor-element elementor-element-e78f02c elementor-widget elementor-widget-jet-listing-dynamic-field\" data-id=\"e78f02c\" data-element_type=\"widget\" data-e-type=\"widget\" data-widget_type=\"jet-listing-dynamic-field.default\">\n\t\t\t\t\t<div class=\"jet-listing-dynamic-field__content\" >Spanish banking is going through a period of strength that, in Mar\u00eda Abascal\u2019s view, should be read in a European context.<\/div>\t\t\t\t<\/div>\n\t\t\t\t<div class=\"elementor-element elementor-element-08a6f68 elementor-align-center haz-click-boton elementor-widget elementor-widget-button\" data-id=\"08a6f68\" data-element_type=\"widget\" data-e-type=\"widget\" data-widget_type=\"button.default\">\n\t\t\t\t\t\t\t\t\t\t<a class=\"elementor-button elementor-button-link elementor-size-sm\" href=\"https:\/\/aebanca.es\/en\/actualidad\/te-interesa\/entrevistas\/maria-abascal-pan-european-consolidation-is-the-litmus-test-for-the-banking-union\/\">\n\t\t\t\t\t\t<span class=\"elementor-button-content-wrapper\">\n\t\t\t\t\t\t<span class=\"elementor-button-icon\">\n\t\t\t\t<svg xmlns=\"http:\/\/www.w3.org\/2000\/svg\" width=\"13\" height=\"13\" viewBox=\"0 0 13 13\" fill=\"none\"><path d=\"M0.301833 2.17443C-0.0935669 1.78884 -0.101522 1.15573 0.284065 0.760329C0.669652 0.364929 1.30277 0.356974 1.69817 0.742561L0.301833 2.17443ZM12.0789 11.2748C12.0859 11.827 11.6438 12.2804 11.0916 12.2873L2.0923 12.4004C1.54005 12.4073 1.08675 11.9653 1.07981 11.413C1.07287 10.8608 1.51493 10.4075 2.06717 10.4005L10.0665 10.3L9.96602 2.30065C9.95908 1.74841 10.4011 1.2951 10.9534 1.28816C11.5056 1.28122 11.9589 1.72328 11.9659 2.27552L12.0789 11.2748ZM1 1.4585L1.69817 0.742561L11.7772 10.5714L11.079 11.2874L10.3809 12.0033L0.301833 2.17443L1 1.4585Z\" fill=\"white\"><\/path><\/svg>\t\t\t<\/span>\n\t\t\t\t\t\t\t\t\t<span class=\"elementor-button-text\">Read more<\/span>\n\t\t\t\t\t<\/span>\n\t\t\t\t\t<\/a>\n\t\t\t\t\t\t\t\t<\/div>\n\t\t\t\t<\/div>\n\t\t\t\t\t<\/div>\n\t\t\t\t<\/div>\n\t\t\t\t<\/div>\n\t\t<\/div><\/div><\/div>\t\t\t\t<\/div>\n\t\t\t\t<\/div>\n\t\t\t\t\t<\/div>\n\t\t\t\t<\/div>\n\t\t<div class=\"elementor-element elementor-element-52dfc27 e-flex e-con-boxed e-con e-child\" data-id=\"52dfc27\" data-element_type=\"container\" data-e-type=\"container\" data-settings=\"{&quot;jet_parallax_layout_list&quot;:[],&quot;background_background&quot;:&quot;classic&quot;}\">\n\t\t\t\t\t<div class=\"e-con-inner\">\n\t\t\t\t<div class=\"elementor-element elementor-element-c3b50d6 elementor-widget elementor-widget-heading\" data-id=\"c3b50d6\" data-element_type=\"widget\" data-e-type=\"widget\" data-widget_type=\"heading.default\">\n\t\t\t\t\t<h2 class=\"elementor-heading-title elementor-size-default\">All interviews<\/h2>\t\t\t\t<\/div>\n\t\t\t\t<div class=\"elementor-element elementor-element-1b3b186 elementor-widget elementor-widget-jet-listing-grid\" data-id=\"1b3b186\" data-element_type=\"widget\" data-e-type=\"widget\" data-settings=\"{&quot;columns&quot;:&quot;2&quot;,&quot;columns_mobile_extra&quot;:&quot;1&quot;}\" data-widget_type=\"jet-listing-grid.default\">\n\t\t\t\t\t<div class=\"jet-listing-grid jet-listing-grid--lazy-load jet-listing jet-listing-grid-loading\" data-lazy-load=\"{&quot;offset&quot;:&quot;0px&quot;,&quot;post_id&quot;:32665,&quot;queried_id&quot;:&quot;32665|WP_Post&quot;}\"><div class=\"jet-listing-grid__loader\"><div class=\"jet-listing-grid__loader-spinner\"><\/div><\/div><\/div>\t\t\t\t<\/div>\n\t\t\t\t<div class=\"elementor-element elementor-element-d578053 elementor-align-center haz-click-boton elementor-hidden-widescreen elementor-hidden-desktop elementor-hidden-laptop elementor-hidden-tablet_extra elementor-hidden-tablet elementor-hidden-mobile_extra elementor-hidden-mobile elementor-widget elementor-widget-button\" data-id=\"d578053\" data-element_type=\"widget\" data-e-type=\"widget\" data-widget_type=\"button.default\">\n\t\t\t\t\t\t\t\t\t\t<a class=\"elementor-button elementor-button-link elementor-size-sm\" href=\"#\" id=\"mas-videos\">\n\t\t\t\t\t\t<span class=\"elementor-button-content-wrapper\">\n\t\t\t\t\t\t<span class=\"elementor-button-icon\">\n\t\t\t\t<svg xmlns=\"http:\/\/www.w3.org\/2000\/svg\" width=\"13\" height=\"13\" viewBox=\"0 0 13 13\" fill=\"none\"><path d=\"M0.301833 2.17443C-0.0935669 1.78884 -0.101522 1.15573 0.284065 0.760329C0.669652 0.364929 1.30277 0.356974 1.69817 0.742561L0.301833 2.17443ZM12.0789 11.2748C12.0859 11.827 11.6438 12.2804 11.0916 12.2873L2.0923 12.4004C1.54005 12.4073 1.08675 11.9653 1.07981 11.413C1.07287 10.8608 1.51493 10.4075 2.06717 10.4005L10.0665 10.3L9.96602 2.30065C9.95908 1.74841 10.4011 1.2951 10.9534 1.28816C11.5056 1.28122 11.9589 1.72328 11.9659 2.27552L12.0789 11.2748ZM1 1.4585L1.69817 0.742561L11.7772 10.5714L11.079 11.2874L10.3809 12.0033L0.301833 2.17443L1 1.4585Z\" fill=\"white\"><\/path><\/svg>\t\t\t<\/span>\n\t\t\t\t\t\t\t\t\t<span class=\"elementor-button-text\">View more interviews<\/span>\n\t\t\t\t\t<\/span>\n\t\t\t\t\t<\/a>\n\t\t\t\t\t\t\t\t<\/div>\n\t\t\t\t\t<\/div>\n\t\t\t\t<\/div>\n\t\t\t\t<\/div>\n\t\t\t\t<\/div>\n\t\t","protected":false},"excerpt":{"rendered":"<p>Discover the insights of banking sector leaders on relevant current and future topics. Edit query 3 marzo 2026 La banca espa\u00f1ola atraviesa un momento de fortaleza que, en opini\u00f3n de Mar\u00eda Abascal, debe leerse en clave europea. Leer m\u00e1s All interviews View more interviews<\/p>\n","protected":false},"author":1,"featured_media":0,"parent":32851,"menu_order":0,"comment_status":"closed","ping_status":"closed","template":"elementor_header_footer","meta":{"footnotes":""},"class_list":["post-32665","page","type-page","status-publish","hentry"],"yoast_head":"<!-- This site is optimized with the Yoast SEO plugin v27.4 - https:\/\/yoast.com\/product\/yoast-seo-wordpress\/ -->\n<title>Interviews - Asociaci\u00f3n Espa\u00f1ola de Banca<\/title>\n<meta name=\"robots\" content=\"index, follow, max-snippet:-1, max-image-preview:large, max-video-preview:-1\" \/>\n<link rel=\"canonical\" href=\"https:\/\/aebanca.es\/en\/latest-news\/you-may-be-interested-in\/interviews\/\" \/>\n<meta property=\"og:locale\" content=\"en_US\" \/>\n<meta property=\"og:type\" content=\"article\" \/>\n<meta property=\"og:title\" content=\"Interviews - Asociaci\u00f3n Espa\u00f1ola de Banca\" \/>\n<meta property=\"og:description\" content=\"Discover the insights of banking sector leaders on relevant current and future topics. Edit query 3 marzo 2026 La banca espa\u00f1ola atraviesa un momento de fortaleza que, en opini\u00f3n de Mar\u00eda Abascal, debe leerse en clave europea. Leer m\u00e1s All interviews View more interviews\" \/>\n<meta property=\"og:url\" content=\"https:\/\/aebanca.es\/en\/latest-news\/you-may-be-interested-in\/interviews\/\" \/>\n<meta property=\"og:site_name\" content=\"Asociaci\u00f3n Espa\u00f1ola de Banca\" \/>\n<meta property=\"article:modified_time\" content=\"2026-03-30T15:29:30+00:00\" \/>\n<meta name=\"twitter:card\" content=\"summary_large_image\" \/>\n<script type=\"application\/ld+json\" class=\"yoast-schema-graph\">{\"@context\":\"https:\\\/\\\/schema.org\",\"@graph\":[{\"@type\":\"WebPage\",\"@id\":\"https:\\\/\\\/aebanca.es\\\/en\\\/latest-news\\\/you-may-be-interested-in\\\/interviews\\\/\",\"url\":\"https:\\\/\\\/aebanca.es\\\/en\\\/latest-news\\\/you-may-be-interested-in\\\/interviews\\\/\",\"name\":\"Interviews - Asociaci\u00f3n Espa\u00f1ola de Banca\",\"isPartOf\":{\"@id\":\"https:\\\/\\\/aebanca.es\\\/en\\\/#website\"},\"datePublished\":\"2025-09-05T09:04:52+00:00\",\"dateModified\":\"2026-03-30T15:29:30+00:00\",\"breadcrumb\":{\"@id\":\"https:\\\/\\\/aebanca.es\\\/en\\\/latest-news\\\/you-may-be-interested-in\\\/interviews\\\/#breadcrumb\"},\"inLanguage\":\"en-US\",\"potentialAction\":[{\"@type\":\"ReadAction\",\"target\":[\"https:\\\/\\\/aebanca.es\\\/en\\\/latest-news\\\/you-may-be-interested-in\\\/interviews\\\/\"]}]},{\"@type\":\"BreadcrumbList\",\"@id\":\"https:\\\/\\\/aebanca.es\\\/en\\\/latest-news\\\/you-may-be-interested-in\\\/interviews\\\/#breadcrumb\",\"itemListElement\":[{\"@type\":\"ListItem\",\"position\":1,\"name\":\"Home\",\"item\":\"https:\\\/\\\/aebanca.es\\\/en\\\/\"},{\"@type\":\"ListItem\",\"position\":2,\"name\":\"News\",\"item\":\"https:\\\/\\\/aebanca.es\\\/en\\\/actualidad\\\/\"},{\"@type\":\"ListItem\",\"position\":3,\"name\":\"You may be interested in\",\"item\":\"https:\\\/\\\/aebanca.es\\\/en\\\/actualidad\\\/te-interesa\\\/\"},{\"@type\":\"ListItem\",\"position\":4,\"name\":\"Interviews\"}]},{\"@type\":\"WebSite\",\"@id\":\"https:\\\/\\\/aebanca.es\\\/en\\\/#website\",\"url\":\"https:\\\/\\\/aebanca.es\\\/en\\\/\",\"name\":\"AEB\",\"description\":\"Asociaci\u00f3n Espa\u00f1ola de Banca\",\"publisher\":{\"@id\":\"https:\\\/\\\/aebanca.es\\\/en\\\/#organization\"},\"potentialAction\":[{\"@type\":\"SearchAction\",\"target\":{\"@type\":\"EntryPoint\",\"urlTemplate\":\"https:\\\/\\\/aebanca.es\\\/en\\\/?s={search_term_string}\"},\"query-input\":{\"@type\":\"PropertyValueSpecification\",\"valueRequired\":true,\"valueName\":\"search_term_string\"}}],\"inLanguage\":\"en-US\"},{\"@type\":\"Organization\",\"@id\":\"https:\\\/\\\/aebanca.es\\\/en\\\/#organization\",\"name\":\"AEB\",\"url\":\"https:\\\/\\\/aebanca.es\\\/en\\\/\",\"logo\":{\"@type\":\"ImageObject\",\"inLanguage\":\"en-US\",\"@id\":\"https:\\\/\\\/aebanca.es\\\/en\\\/#\\\/schema\\\/logo\\\/image\\\/\",\"url\":\"https:\\\/\\\/aebanca.es\\\/wp-content\\\/uploads\\\/2025\\\/07\\\/LOGO-AEB-menu.svg\",\"contentUrl\":\"https:\\\/\\\/aebanca.es\\\/wp-content\\\/uploads\\\/2025\\\/07\\\/LOGO-AEB-menu.svg\",\"width\":57,\"height\":22,\"caption\":\"AEB\"},\"image\":{\"@id\":\"https:\\\/\\\/aebanca.es\\\/en\\\/#\\\/schema\\\/logo\\\/image\\\/\"}}]}<\/script>\n<!-- \/ Yoast SEO plugin. -->","yoast_head_json":{"title":"Interviews - Asociaci\u00f3n Espa\u00f1ola de Banca","robots":{"index":"index","follow":"follow","max-snippet":"max-snippet:-1","max-image-preview":"max-image-preview:large","max-video-preview":"max-video-preview:-1"},"canonical":"https:\/\/aebanca.es\/en\/latest-news\/you-may-be-interested-in\/interviews\/","og_locale":"en_US","og_type":"article","og_title":"Interviews - Asociaci\u00f3n Espa\u00f1ola de Banca","og_description":"Discover the insights of banking sector leaders on relevant current and future topics. Edit query 3 marzo 2026 La banca espa\u00f1ola atraviesa un momento de fortaleza que, en opini\u00f3n de Mar\u00eda Abascal, debe leerse en clave europea. Leer m\u00e1s All interviews View more interviews","og_url":"https:\/\/aebanca.es\/en\/latest-news\/you-may-be-interested-in\/interviews\/","og_site_name":"Asociaci\u00f3n Espa\u00f1ola de Banca","article_modified_time":"2026-03-30T15:29:30+00:00","twitter_card":"summary_large_image","schema":{"@context":"https:\/\/schema.org","@graph":[{"@type":"WebPage","@id":"https:\/\/aebanca.es\/en\/latest-news\/you-may-be-interested-in\/interviews\/","url":"https:\/\/aebanca.es\/en\/latest-news\/you-may-be-interested-in\/interviews\/","name":"Interviews - Asociaci\u00f3n Espa\u00f1ola de Banca","isPartOf":{"@id":"https:\/\/aebanca.es\/en\/#website"},"datePublished":"2025-09-05T09:04:52+00:00","dateModified":"2026-03-30T15:29:30+00:00","breadcrumb":{"@id":"https:\/\/aebanca.es\/en\/latest-news\/you-may-be-interested-in\/interviews\/#breadcrumb"},"inLanguage":"en-US","potentialAction":[{"@type":"ReadAction","target":["https:\/\/aebanca.es\/en\/latest-news\/you-may-be-interested-in\/interviews\/"]}]},{"@type":"BreadcrumbList","@id":"https:\/\/aebanca.es\/en\/latest-news\/you-may-be-interested-in\/interviews\/#breadcrumb","itemListElement":[{"@type":"ListItem","position":1,"name":"Home","item":"https:\/\/aebanca.es\/en\/"},{"@type":"ListItem","position":2,"name":"News","item":"https:\/\/aebanca.es\/en\/actualidad\/"},{"@type":"ListItem","position":3,"name":"You may be interested in","item":"https:\/\/aebanca.es\/en\/actualidad\/te-interesa\/"},{"@type":"ListItem","position":4,"name":"Interviews"}]},{"@type":"WebSite","@id":"https:\/\/aebanca.es\/en\/#website","url":"https:\/\/aebanca.es\/en\/","name":"AEB","description":"Asociaci\u00f3n Espa\u00f1ola de Banca","publisher":{"@id":"https:\/\/aebanca.es\/en\/#organization"},"potentialAction":[{"@type":"SearchAction","target":{"@type":"EntryPoint","urlTemplate":"https:\/\/aebanca.es\/en\/?s={search_term_string}"},"query-input":{"@type":"PropertyValueSpecification","valueRequired":true,"valueName":"search_term_string"}}],"inLanguage":"en-US"},{"@type":"Organization","@id":"https:\/\/aebanca.es\/en\/#organization","name":"AEB","url":"https:\/\/aebanca.es\/en\/","logo":{"@type":"ImageObject","inLanguage":"en-US","@id":"https:\/\/aebanca.es\/en\/#\/schema\/logo\/image\/","url":"https:\/\/aebanca.es\/wp-content\/uploads\/2025\/07\/LOGO-AEB-menu.svg","contentUrl":"https:\/\/aebanca.es\/wp-content\/uploads\/2025\/07\/LOGO-AEB-menu.svg","width":57,"height":22,"caption":"AEB"},"image":{"@id":"https:\/\/aebanca.es\/en\/#\/schema\/logo\/image\/"}}]}},"_links":{"self":[{"href":"https:\/\/aebanca.es\/en\/wp-json\/wp\/v2\/pages\/32665","targetHints":{"allow":["GET"]}}],"collection":[{"href":"https:\/\/aebanca.es\/en\/wp-json\/wp\/v2\/pages"}],"about":[{"href":"https:\/\/aebanca.es\/en\/wp-json\/wp\/v2\/types\/page"}],"author":[{"embeddable":true,"href":"https:\/\/aebanca.es\/en\/wp-json\/wp\/v2\/users\/1"}],"replies":[{"embeddable":true,"href":"https:\/\/aebanca.es\/en\/wp-json\/wp\/v2\/comments?post=32665"}],"version-history":[{"count":2,"href":"https:\/\/aebanca.es\/en\/wp-json\/wp\/v2\/pages\/32665\/revisions"}],"predecessor-version":[{"id":32690,"href":"https:\/\/aebanca.es\/en\/wp-json\/wp\/v2\/pages\/32665\/revisions\/32690"}],"up":[{"embeddable":true,"href":"https:\/\/aebanca.es\/en\/wp-json\/wp\/v2\/pages\/32851"}],"wp:attachment":[{"href":"https:\/\/aebanca.es\/en\/wp-json\/wp\/v2\/media?parent=32665"}],"curies":[{"name":"wp","href":"https:\/\/api.w.org\/{rel}","templated":true}]}}