{"id":32636,"date":"2025-09-01T13:28:57","date_gmt":"2025-09-01T11:28:57","guid":{"rendered":"https:\/\/aebanca.es\/images\/"},"modified":"2026-04-08T18:44:32","modified_gmt":"2026-04-08T16:44:32","slug":"images","status":"publish","type":"page","link":"https:\/\/aebanca.es\/en\/latest-news\/multimedia\/images\/","title":{"rendered":"Images"},"content":{"rendered":"\t\t<div data-elementor-type=\"wp-page\" data-elementor-id=\"32636\" class=\"elementor elementor-32636 elementor-1064\" data-elementor-post-type=\"page\">\n\t\t\t\t<div class=\"elementor-element elementor-element-78fb585 e-flex e-con-boxed e-con e-parent\" data-id=\"78fb585\" data-element_type=\"container\" data-e-type=\"container\" data-settings=\"{&quot;background_background&quot;:&quot;classic&quot;,&quot;jet_parallax_layout_list&quot;:[]}\">\n\t\t\t\t\t<div class=\"e-con-inner\">\n\t\t<div class=\"elementor-element elementor-element-4da203c e-con-full e-flex e-con e-child\" data-id=\"4da203c\" data-element_type=\"container\" data-e-type=\"container\" data-settings=\"{&quot;jet_parallax_layout_list&quot;:[]}\">\n\t\t\t\t<div class=\"elementor-element elementor-element-938fa74 elementor-widget elementor-widget-heading\" data-id=\"938fa74\" data-element_type=\"widget\" data-e-type=\"widget\" data-widget_type=\"heading.default\">\n\t\t\t\t\t<h1 class=\"elementor-heading-title elementor-size-default\">Images<\/h1>\t\t\t\t<\/div>\n\t\t\t\t<div class=\"elementor-element elementor-element-dcddc80 elementor-widget__width-initial elementor-widget-mobile__width-inherit elementor-widget elementor-widget-text-editor\" data-id=\"dcddc80\" data-element_type=\"widget\" data-e-type=\"widget\" data-widget_type=\"text-editor.default\">\n\t\t\t\t\t\t\t\t\t<p>Explore the highlights from our events, conferences, and initiatives<\/p>\t\t\t\t\t\t\t\t<\/div>\n\t\t\t\t<\/div>\n\t\t\t\t\t<\/div>\n\t\t\t\t<\/div>\n\t\t<div class=\"elementor-element elementor-element-631dd95 e-con-full e-flex e-con e-parent\" data-id=\"631dd95\" data-element_type=\"container\" data-e-type=\"container\" data-settings=\"{&quot;background_background&quot;:&quot;classic&quot;,&quot;jet_parallax_layout_list&quot;:[]}\">\n\t\t<div class=\"elementor-element elementor-element-61be40e e-flex e-con-boxed e-con e-child\" data-id=\"61be40e\" data-element_type=\"container\" data-e-type=\"container\" data-settings=\"{&quot;background_background&quot;:&quot;classic&quot;,&quot;jet_parallax_layout_list&quot;:[]}\">\n\t\t\t\t\t<div class=\"e-con-inner\">\n\t\t\t\t<div class=\"elementor-element elementor-element-a7dc563 elementor-widget elementor-widget-breadcrumbs\" data-id=\"a7dc563\" data-element_type=\"widget\" data-e-type=\"widget\" data-widget_type=\"breadcrumbs.default\">\n\t\t\t\t\t<p id=\"breadcrumbs\"><span><span><a href=\"https:\/\/aebanca.es\/en\/\">Home<\/a><\/span><\/span><\/p>\t\t\t\t<\/div>\n\t\t\t\t<div class=\"elementor-element elementor-element-0715484 elementor-widget elementor-widget-jet-listing-grid\" data-id=\"0715484\" data-element_type=\"widget\" data-e-type=\"widget\" data-settings=\"{&quot;columns&quot;:&quot;1&quot;}\" data-widget_type=\"jet-listing-grid.default\">\n\t\t\t\t\t<div class=\"jet-listing-grid jet-listing\"><div class=\"jet-listing-not-found jet-listing-grid__items\" data-nav=\"{&quot;enabled&quot;:true,&quot;type&quot;:&quot;scroll&quot;,&quot;more_el&quot;:null,&quot;query&quot;:{&quot;post_status&quot;:[&quot;publish&quot;],&quot;post_type&quot;:&quot;multimedia&quot;,&quot;posts_per_page&quot;:&quot;6&quot;,&quot;paged&quot;:&quot;1&quot;,&quot;ignore_sticky_posts&quot;:&quot;1&quot;,&quot;order&quot;:&quot;DESC&quot;,&quot;orderby&quot;:&quot;date&quot;,&quot;tax_query&quot;:[{&quot;taxonomy&quot;:&quot;categorias-multimedia&quot;,&quot;field&quot;:&quot;name&quot;,&quot;terms&quot;:[&quot;imagenes&quot;],&quot;operator&quot;:&quot;IN&quot;}],&quot;meta_query&quot;:[{&quot;key&quot;:&quot;galeria_imagenes&quot;,&quot;value&quot;:&quot;0&quot;,&quot;compare&quot;:&quot;&gt;&quot;,&quot;type&quot;:&quot;CHAR&quot;}],&quot;suppress_filters&quot;:false,&quot;jet_smart_filters&quot;:&quot;jet-engine\\\/default&quot;,&quot;signature&quot;:&quot;0b863de0ab7352c7813cc5d926f7924b90f97c602904903dafef1493f5bf15c7&quot;},&quot;widget_settings&quot;:{&quot;lisitng_id&quot;:1116,&quot;posts_num&quot;:6,&quot;columns&quot;:1,&quot;columns_tablet&quot;:1,&quot;columns_mobile&quot;:1,&quot;column_min_width&quot;:240,&quot;column_min_width_tablet&quot;:240,&quot;column_min_width_mobile&quot;:240,&quot;inline_columns_css&quot;:false,&quot;is_archive_template&quot;:&quot;&quot;,&quot;post_status&quot;:[&quot;publish&quot;],&quot;use_random_posts_num&quot;:&quot;&quot;,&quot;max_posts_num&quot;:9,&quot;not_found_message&quot;:&quot;No data was found&quot;,&quot;is_masonry&quot;:false,&quot;equal_columns_height&quot;:&quot;&quot;,&quot;use_load_more&quot;:&quot;yes&quot;,&quot;load_more_id&quot;:&quot;&quot;,&quot;load_more_type&quot;:&quot;scroll&quot;,&quot;load_more_offset&quot;:{&quot;unit&quot;:&quot;px&quot;,&quot;size&quot;:0,&quot;sizes&quot;:[]},&quot;use_custom_post_types&quot;:&quot;&quot;,&quot;custom_post_types&quot;:[],&quot;hide_widget_if&quot;:&quot;&quot;,&quot;carousel_enabled&quot;:&quot;&quot;,&quot;slides_to_scroll&quot;:&quot;1&quot;,&quot;arrows&quot;:&quot;true&quot;,&quot;arrow_icon&quot;:&quot;fa fa-angle-left&quot;,&quot;dots&quot;:&quot;&quot;,&quot;autoplay&quot;:&quot;true&quot;,&quot;pause_on_hover&quot;:&quot;true&quot;,&quot;autoplay_speed&quot;:5000,&quot;infinite&quot;:&quot;true&quot;,&quot;center_mode&quot;:&quot;&quot;,&quot;effect&quot;:&quot;slide&quot;,&quot;speed&quot;:500,&quot;inject_alternative_items&quot;:&quot;&quot;,&quot;injection_items&quot;:[],&quot;scroll_slider_enabled&quot;:&quot;&quot;,&quot;scroll_slider_on&quot;:[&quot;desktop&quot;,&quot;tablet&quot;,&quot;mobile&quot;],&quot;custom_query&quot;:false,&quot;custom_query_id&quot;:&quot;&quot;,&quot;_element_id&quot;:&quot;&quot;,&quot;collapse_first_last_gap&quot;:false,&quot;list_tag_selection&quot;:&quot;&quot;,&quot;list_items_wrapper_tag&quot;:&quot;div&quot;,&quot;list_item_tag&quot;:&quot;div&quot;,&quot;empty_items_wrapper_tag&quot;:&quot;div&quot;}}\" data-listing-source=\"posts\" data-listing-id=\"1116\" data-query-id=\"\" data-queried-id=\"32636|WP_Post\">No data was found<\/div><\/div>\t\t\t\t<\/div>\n\t\t\t\t<div class=\"elementor-element elementor-element-858b882 elementor-align-center haz-click-boton elementor-hidden-widescreen elementor-hidden-desktop elementor-hidden-laptop elementor-hidden-tablet_extra elementor-hidden-tablet elementor-hidden-mobile_extra elementor-hidden-mobile elementor-widget elementor-widget-button\" data-id=\"858b882\" data-element_type=\"widget\" data-e-type=\"widget\" id=\"m-galerias\" data-widget_type=\"button.default\">\n\t\t\t\t\t\t\t\t\t\t<a class=\"elementor-button elementor-button-link elementor-size-sm\" href=\"#\">\n\t\t\t\t\t\t<span class=\"elementor-button-content-wrapper\">\n\t\t\t\t\t\t<span class=\"elementor-button-icon\">\n\t\t\t\t<svg xmlns=\"http:\/\/www.w3.org\/2000\/svg\" width=\"13\" height=\"13\" viewBox=\"0 0 13 13\" fill=\"none\"><path d=\"M0.301833 2.17443C-0.0935669 1.78884 -0.101522 1.15573 0.284065 0.760329C0.669652 0.364929 1.30277 0.356974 1.69817 0.742561L0.301833 2.17443ZM12.0789 11.2748C12.0859 11.827 11.6438 12.2804 11.0916 12.2873L2.0923 12.4004C1.54005 12.4073 1.08675 11.9653 1.07981 11.413C1.07287 10.8608 1.51493 10.4075 2.06717 10.4005L10.0665 10.3L9.96602 2.30065C9.95908 1.74841 10.4011 1.2951 10.9534 1.28816C11.5056 1.28122 11.9589 1.72328 11.9659 2.27552L12.0789 11.2748ZM1 1.4585L1.69817 0.742561L11.7772 10.5714L11.079 11.2874L10.3809 12.0033L0.301833 2.17443L1 1.4585Z\" fill=\"white\"><\/path><\/svg>\t\t\t<\/span>\n\t\t\t\t\t\t\t\t\t<span class=\"elementor-button-text\">View more images <\/span>\n\t\t\t\t\t<\/span>\n\t\t\t\t\t<\/a>\n\t\t\t\t\t\t\t\t<\/div>\n\t\t\t\t\t<\/div>\n\t\t\t\t<\/div>\n\t\t\t\t<div class=\"elementor-element elementor-element-83b2a86 elementor-widget elementor-widget-html\" data-id=\"83b2a86\" data-element_type=\"widget\" data-e-type=\"widget\" data-widget_type=\"html.default\">\n\t\t\t\t\t<script>\/\/ Ya no usamos DOMContentLoaded, ya que nuestro \"escuchador\" se asigna a un elemento que siempre existe.\ndocument.body.addEventListener('click', function(event) {\n    \n    \/\/ 1. Verificamos si el elemento en el que se hizo clic (o su padre m\u00e1s cercano)\n    \/\/    coincide con nuestro selector de bot\u00f3n.\n    const boton = event.target.closest('.boton-descarga-galeria');\n    \n    \/\/ 2. Si no es nuestro bot\u00f3n, no hacemos nada y salimos.\n    if (!boton) {\n        return;\n    }\n    \n    \/\/ 3. Si S\u00cd es nuestro bot\u00f3n, ejecutamos toda la l\u00f3gica que ya ten\u00edamos.\n    \/\/    Esto funcionar\u00e1 para CUALQUIER bot\u00f3n con esa clase, sin importar cu\u00e1ndo fue a\u00f1adido a la p\u00e1gina.\n    event.preventDefault();\n    event.stopImmediatePropagation();\n\n    const urlDescarga = boton.dataset.url;\n    \n    if (urlDescarga) {\n        const iframe = document.createElement('iframe');\n        iframe.style.display = 'none';\n        iframe.src = urlDescarga;\n        document.body.appendChild(iframe);\n        \n        setTimeout(function() {\n            document.body.removeChild(iframe);\n        }, 5000);\n    }\n});\n<\/script>\t\t\t\t<\/div>\n\t\t\t\t<\/div>\n\t\t\t\t<\/div>\n\t\t","protected":false},"excerpt":{"rendered":"<p>Explore the highlights from our events, conferences, and initiatives Gallery not found. 20 marzo 2026 Descargar im\u00e1genes Gallery not found. 20 marzo 2026 Descargar im\u00e1genes Gallery not found. 20 marzo 2026 Descargar im\u00e1genes Gallery not found. 17 marzo 2026 Descargar im\u00e1genes Gallery not found. 13 marzo 2026 Descargar im\u00e1genes Gallery not found. 2 marzo 2026 [&hellip;]<\/p>\n","protected":false},"author":1,"featured_media":0,"parent":32834,"menu_order":0,"comment_status":"closed","ping_status":"closed","template":"elementor_header_footer","meta":{"footnotes":""},"class_list":["post-32636","page","type-page","status-publish","hentry"],"yoast_head":"<!-- This site is optimized with the Yoast SEO plugin v27.4 - https:\/\/yoast.com\/product\/yoast-seo-wordpress\/ -->\n<title>Images - Asociaci\u00f3n Espa\u00f1ola de Banca<\/title>\n<meta name=\"robots\" content=\"index, follow, max-snippet:-1, max-image-preview:large, max-video-preview:-1\" \/>\n<link rel=\"canonical\" href=\"https:\/\/aebanca.es\/en\/latest-news\/multimedia\/images\/\" \/>\n<meta property=\"og:locale\" content=\"en_US\" \/>\n<meta property=\"og:type\" content=\"article\" \/>\n<meta property=\"og:title\" content=\"Images - Asociaci\u00f3n Espa\u00f1ola de Banca\" \/>\n<meta property=\"og:description\" content=\"Explore the highlights from our events, conferences, and initiatives Gallery not found. 20 marzo 2026 Descargar im\u00e1genes Gallery not found. 20 marzo 2026 Descargar im\u00e1genes Gallery not found. 20 marzo 2026 Descargar im\u00e1genes Gallery not found. 17 marzo 2026 Descargar im\u00e1genes Gallery not found. 13 marzo 2026 Descargar im\u00e1genes Gallery not found. 2 marzo 2026 [&hellip;]\" \/>\n<meta property=\"og:url\" content=\"https:\/\/aebanca.es\/en\/latest-news\/multimedia\/images\/\" \/>\n<meta property=\"og:site_name\" content=\"Asociaci\u00f3n Espa\u00f1ola de Banca\" \/>\n<meta property=\"article:modified_time\" content=\"2026-04-08T16:44:32+00:00\" \/>\n<meta name=\"twitter:card\" content=\"summary_large_image\" \/>\n<script type=\"application\/ld+json\" class=\"yoast-schema-graph\">{\"@context\":\"https:\\\/\\\/schema.org\",\"@graph\":[{\"@type\":\"WebPage\",\"@id\":\"https:\\\/\\\/aebanca.es\\\/en\\\/latest-news\\\/multimedia\\\/images\\\/\",\"url\":\"https:\\\/\\\/aebanca.es\\\/en\\\/latest-news\\\/multimedia\\\/images\\\/\",\"name\":\"Images - Asociaci\u00f3n Espa\u00f1ola de Banca\",\"isPartOf\":{\"@id\":\"https:\\\/\\\/aebanca.es\\\/en\\\/#website\"},\"datePublished\":\"2025-09-01T11:28:57+00:00\",\"dateModified\":\"2026-04-08T16:44:32+00:00\",\"breadcrumb\":{\"@id\":\"https:\\\/\\\/aebanca.es\\\/en\\\/latest-news\\\/multimedia\\\/images\\\/#breadcrumb\"},\"inLanguage\":\"en-US\",\"potentialAction\":[{\"@type\":\"ReadAction\",\"target\":[\"https:\\\/\\\/aebanca.es\\\/en\\\/latest-news\\\/multimedia\\\/images\\\/\"]}]},{\"@type\":\"WebSite\",\"@id\":\"https:\\\/\\\/aebanca.es\\\/en\\\/#website\",\"url\":\"https:\\\/\\\/aebanca.es\\\/en\\\/\",\"name\":\"AEB\",\"description\":\"Asociaci\u00f3n Espa\u00f1ola de Banca\",\"publisher\":{\"@id\":\"https:\\\/\\\/aebanca.es\\\/en\\\/#organization\"},\"potentialAction\":[{\"@type\":\"SearchAction\",\"target\":{\"@type\":\"EntryPoint\",\"urlTemplate\":\"https:\\\/\\\/aebanca.es\\\/en\\\/?s={search_term_string}\"},\"query-input\":{\"@type\":\"PropertyValueSpecification\",\"valueRequired\":true,\"valueName\":\"search_term_string\"}}],\"inLanguage\":\"en-US\"},{\"@type\":\"Organization\",\"@id\":\"https:\\\/\\\/aebanca.es\\\/en\\\/#organization\",\"name\":\"AEB\",\"url\":\"https:\\\/\\\/aebanca.es\\\/en\\\/\",\"logo\":{\"@type\":\"ImageObject\",\"inLanguage\":\"en-US\",\"@id\":\"https:\\\/\\\/aebanca.es\\\/en\\\/#\\\/schema\\\/logo\\\/image\\\/\",\"url\":\"https:\\\/\\\/aebanca.es\\\/wp-content\\\/uploads\\\/2025\\\/07\\\/LOGO-AEB-menu.svg\",\"contentUrl\":\"https:\\\/\\\/aebanca.es\\\/wp-content\\\/uploads\\\/2025\\\/07\\\/LOGO-AEB-menu.svg\",\"width\":57,\"height\":22,\"caption\":\"AEB\"},\"image\":{\"@id\":\"https:\\\/\\\/aebanca.es\\\/en\\\/#\\\/schema\\\/logo\\\/image\\\/\"}}]}<\/script>\n<!-- \/ Yoast SEO plugin. -->","yoast_head_json":{"title":"Images - Asociaci\u00f3n Espa\u00f1ola de Banca","robots":{"index":"index","follow":"follow","max-snippet":"max-snippet:-1","max-image-preview":"max-image-preview:large","max-video-preview":"max-video-preview:-1"},"canonical":"https:\/\/aebanca.es\/en\/latest-news\/multimedia\/images\/","og_locale":"en_US","og_type":"article","og_title":"Images - Asociaci\u00f3n Espa\u00f1ola de Banca","og_description":"Explore the highlights from our events, conferences, and initiatives Gallery not found. 20 marzo 2026 Descargar im\u00e1genes Gallery not found. 20 marzo 2026 Descargar im\u00e1genes Gallery not found. 20 marzo 2026 Descargar im\u00e1genes Gallery not found. 17 marzo 2026 Descargar im\u00e1genes Gallery not found. 13 marzo 2026 Descargar im\u00e1genes Gallery not found. 2 marzo 2026 [&hellip;]","og_url":"https:\/\/aebanca.es\/en\/latest-news\/multimedia\/images\/","og_site_name":"Asociaci\u00f3n Espa\u00f1ola de Banca","article_modified_time":"2026-04-08T16:44:32+00:00","twitter_card":"summary_large_image","schema":{"@context":"https:\/\/schema.org","@graph":[{"@type":"WebPage","@id":"https:\/\/aebanca.es\/en\/latest-news\/multimedia\/images\/","url":"https:\/\/aebanca.es\/en\/latest-news\/multimedia\/images\/","name":"Images - Asociaci\u00f3n Espa\u00f1ola de Banca","isPartOf":{"@id":"https:\/\/aebanca.es\/en\/#website"},"datePublished":"2025-09-01T11:28:57+00:00","dateModified":"2026-04-08T16:44:32+00:00","breadcrumb":{"@id":"https:\/\/aebanca.es\/en\/latest-news\/multimedia\/images\/#breadcrumb"},"inLanguage":"en-US","potentialAction":[{"@type":"ReadAction","target":["https:\/\/aebanca.es\/en\/latest-news\/multimedia\/images\/"]}]},{"@type":"WebSite","@id":"https:\/\/aebanca.es\/en\/#website","url":"https:\/\/aebanca.es\/en\/","name":"AEB","description":"Asociaci\u00f3n Espa\u00f1ola de Banca","publisher":{"@id":"https:\/\/aebanca.es\/en\/#organization"},"potentialAction":[{"@type":"SearchAction","target":{"@type":"EntryPoint","urlTemplate":"https:\/\/aebanca.es\/en\/?s={search_term_string}"},"query-input":{"@type":"PropertyValueSpecification","valueRequired":true,"valueName":"search_term_string"}}],"inLanguage":"en-US"},{"@type":"Organization","@id":"https:\/\/aebanca.es\/en\/#organization","name":"AEB","url":"https:\/\/aebanca.es\/en\/","logo":{"@type":"ImageObject","inLanguage":"en-US","@id":"https:\/\/aebanca.es\/en\/#\/schema\/logo\/image\/","url":"https:\/\/aebanca.es\/wp-content\/uploads\/2025\/07\/LOGO-AEB-menu.svg","contentUrl":"https:\/\/aebanca.es\/wp-content\/uploads\/2025\/07\/LOGO-AEB-menu.svg","width":57,"height":22,"caption":"AEB"},"image":{"@id":"https:\/\/aebanca.es\/en\/#\/schema\/logo\/image\/"}}]}},"_links":{"self":[{"href":"https:\/\/aebanca.es\/en\/wp-json\/wp\/v2\/pages\/32636","targetHints":{"allow":["GET"]}}],"collection":[{"href":"https:\/\/aebanca.es\/en\/wp-json\/wp\/v2\/pages"}],"about":[{"href":"https:\/\/aebanca.es\/en\/wp-json\/wp\/v2\/types\/page"}],"author":[{"embeddable":true,"href":"https:\/\/aebanca.es\/en\/wp-json\/wp\/v2\/users\/1"}],"replies":[{"embeddable":true,"href":"https:\/\/aebanca.es\/en\/wp-json\/wp\/v2\/comments?post=32636"}],"version-history":[{"count":3,"href":"https:\/\/aebanca.es\/en\/wp-json\/wp\/v2\/pages\/32636\/revisions"}],"predecessor-version":[{"id":39014,"href":"https:\/\/aebanca.es\/en\/wp-json\/wp\/v2\/pages\/32636\/revisions\/39014"}],"up":[{"embeddable":true,"href":"https:\/\/aebanca.es\/en\/wp-json\/wp\/v2\/pages\/32834"}],"wp:attachment":[{"href":"https:\/\/aebanca.es\/en\/wp-json\/wp\/v2\/media?parent=32636"}],"curies":[{"name":"wp","href":"https:\/\/api.w.org\/{rel}","templated":true}]}}