{"id":32548,"date":"2025-08-08T09:05:37","date_gmt":"2025-08-08T07:05:37","guid":{"rendered":"https:\/\/aebanca.es\/videos\/"},"modified":"2026-03-30T17:29:27","modified_gmt":"2026-03-30T15:29:27","slug":"videos","status":"publish","type":"page","link":"https:\/\/aebanca.es\/en\/latest-news\/multimedia\/videos\/","title":{"rendered":"Videos"},"content":{"rendered":"\t\t<div data-elementor-type=\"wp-page\" data-elementor-id=\"32548\" class=\"elementor elementor-32548 elementor-899\" data-elementor-post-type=\"page\">\n\t\t\t\t<div class=\"elementor-element elementor-element-44cd460 e-flex e-con-boxed e-con e-parent\" data-id=\"44cd460\" data-element_type=\"container\" data-e-type=\"container\" data-settings=\"{&quot;background_background&quot;:&quot;classic&quot;,&quot;jet_parallax_layout_list&quot;:[]}\">\n\t\t\t\t\t<div class=\"e-con-inner\">\n\t\t<div class=\"elementor-element elementor-element-f54781f e-con-full e-flex e-con e-child\" data-id=\"f54781f\" data-element_type=\"container\" data-e-type=\"container\" data-settings=\"{&quot;jet_parallax_layout_list&quot;:[]}\">\n\t\t\t\t<div class=\"elementor-element elementor-element-916c1c4 elementor-widget elementor-widget-heading\" data-id=\"916c1c4\" data-element_type=\"widget\" data-e-type=\"widget\" data-widget_type=\"heading.default\">\n\t\t\t\t\t<h1 class=\"elementor-heading-title elementor-size-default\">Videos<\/h1>\t\t\t\t<\/div>\n\t\t\t\t<div class=\"elementor-element elementor-element-44cd104 elementor-widget__width-initial elementor-widget-mobile__width-inherit elementor-widget elementor-widget-text-editor\" data-id=\"44cd104\" data-element_type=\"widget\" data-e-type=\"widget\" data-widget_type=\"text-editor.default\">\n\t\t\t\t\t\t\t\t\tHere you will find videos showcasing our activities through events, interviews, key initiatives, and much more.\t\t\t\t\t\t\t\t<\/div>\n\t\t\t\t<\/div>\n\t\t\t\t\t<\/div>\n\t\t\t\t<\/div>\n\t\t<div class=\"elementor-element elementor-element-18cc51c e-con-full e-flex e-con e-parent\" data-id=\"18cc51c\" data-element_type=\"container\" data-e-type=\"container\" data-settings=\"{&quot;background_background&quot;:&quot;classic&quot;,&quot;jet_parallax_layout_list&quot;:[]}\">\n\t\t<div class=\"elementor-element elementor-element-ce33ec3 e-flex e-con-boxed e-con e-child\" data-id=\"ce33ec3\" data-element_type=\"container\" data-e-type=\"container\" data-settings=\"{&quot;jet_parallax_layout_list&quot;:[]}\">\n\t\t\t\t\t<div class=\"e-con-inner\">\n\t\t\t\t<div class=\"elementor-element elementor-element-5ac0ad1 elementor-widget elementor-widget-breadcrumbs\" data-id=\"5ac0ad1\" data-element_type=\"widget\" data-e-type=\"widget\" data-widget_type=\"breadcrumbs.default\">\n\t\t\t\t\t<p id=\"breadcrumbs\"><span><span><a href=\"https:\/\/aebanca.es\/en\/home\/\">Home<\/a><\/span><\/span><\/p>\t\t\t\t<\/div>\n\t\t\t\t\t<\/div>\n\t\t\t\t<\/div>\n\t\t<div class=\"elementor-element elementor-element-b17e7bc e-flex e-con-boxed e-con e-child\" data-id=\"b17e7bc\" data-element_type=\"container\" data-e-type=\"container\" data-settings=\"{&quot;background_background&quot;:&quot;classic&quot;,&quot;jet_parallax_layout_list&quot;:[]}\">\n\t\t\t\t\t<div class=\"e-con-inner\">\n\t\t<div class=\"elementor-element elementor-element-240ddff e-con-full e-flex e-con e-child\" data-id=\"240ddff\" data-element_type=\"container\" data-e-type=\"container\" data-settings=\"{&quot;jet_parallax_layout_list&quot;:[]}\">\n\t\t\t\t<div class=\"elementor-element elementor-element-eb3b3f3 elementor-widget elementor-widget-jet-listing-grid\" data-id=\"eb3b3f3\" data-element_type=\"widget\" data-e-type=\"widget\" data-settings=\"{&quot;columns&quot;:&quot;1&quot;}\" data-widget_type=\"jet-listing-grid.default\">\n\t\t\t\t\t<div class=\"jet-listing-grid jet-listing\"><div class=\"jet-listing-grid__items grid-col-desk-1 grid-col-tablet-1 grid-col-mobile-1 jet-listing-grid--937\" data-queried-id=\"32548|WP_Post\" data-nav=\"{&quot;enabled&quot;:false,&quot;type&quot;:null,&quot;more_el&quot;:null,&quot;query&quot;:[],&quot;widget_settings&quot;:{&quot;lisitng_id&quot;:937,&quot;posts_num&quot;:1,&quot;columns&quot;:1,&quot;columns_tablet&quot;:1,&quot;columns_mobile&quot;:1,&quot;column_min_width&quot;:240,&quot;column_min_width_tablet&quot;:240,&quot;column_min_width_mobile&quot;:240,&quot;inline_columns_css&quot;:false,&quot;is_archive_template&quot;:&quot;&quot;,&quot;post_status&quot;:[&quot;publish&quot;],&quot;use_random_posts_num&quot;:&quot;&quot;,&quot;max_posts_num&quot;:9,&quot;not_found_message&quot;:&quot;No data was found&quot;,&quot;is_masonry&quot;:false,&quot;equal_columns_height&quot;:&quot;&quot;,&quot;use_load_more&quot;:&quot;&quot;,&quot;load_more_id&quot;:&quot;&quot;,&quot;load_more_type&quot;:&quot;click&quot;,&quot;load_more_offset&quot;:null,&quot;use_custom_post_types&quot;:&quot;&quot;,&quot;custom_post_types&quot;:[],&quot;hide_widget_if&quot;:&quot;&quot;,&quot;carousel_enabled&quot;:&quot;&quot;,&quot;slides_to_scroll&quot;:&quot;1&quot;,&quot;arrows&quot;:&quot;true&quot;,&quot;arrow_icon&quot;:&quot;fa fa-angle-left&quot;,&quot;dots&quot;:&quot;&quot;,&quot;autoplay&quot;:&quot;true&quot;,&quot;pause_on_hover&quot;:&quot;true&quot;,&quot;autoplay_speed&quot;:5000,&quot;infinite&quot;:&quot;true&quot;,&quot;center_mode&quot;:&quot;&quot;,&quot;effect&quot;:&quot;slide&quot;,&quot;speed&quot;:500,&quot;inject_alternative_items&quot;:&quot;&quot;,&quot;injection_items&quot;:[],&quot;scroll_slider_enabled&quot;:&quot;&quot;,&quot;scroll_slider_on&quot;:[&quot;desktop&quot;,&quot;tablet&quot;,&quot;mobile&quot;],&quot;custom_query&quot;:&quot;yes&quot;,&quot;custom_query_id&quot;:&quot;19&quot;,&quot;_element_id&quot;:&quot;&quot;,&quot;collapse_first_last_gap&quot;:false,&quot;list_tag_selection&quot;:&quot;&quot;,&quot;list_items_wrapper_tag&quot;:&quot;div&quot;,&quot;list_item_tag&quot;:&quot;div&quot;,&quot;empty_items_wrapper_tag&quot;:&quot;div&quot;}}\" data-page=\"1\" data-pages=\"161\" data-listing-source=\"query\" data-listing-id=\"937\" data-query-id=\"19\"><div class=\"jet-listing-grid__item jet-listing-dynamic-post-40098\" data-post-id=\"40098\"  ><style type=\"text\/css\">.jet-listing-dynamic-post-40098 .elementor-element.elementor-element-8ae151b:not(.elementor-motion-effects-element-type-background), .jet-listing-dynamic-post-40098 .elementor-element.elementor-element-8ae151b > .elementor-motion-effects-container > .elementor-motion-effects-layer{background-image:url(\"https:\/\/aebanca.es\/wp-content\/uploads\/2026\/04\/DSC02286-1.jpg\");}<\/style>\t\t<div data-elementor-type=\"jet-listing-items\" data-elementor-id=\"38799\" class=\"elementor elementor-38799 elementor-937 elementor-937\" data-elementor-post-type=\"jet-engine\">\n\t\t\t\t<div class=\"elementor-element elementor-element-d605a20 jedv-enabled--yes e-flex e-con-boxed e-con e-parent\" data-id=\"d605a20\" data-element_type=\"container\" data-e-type=\"container\" data-settings=\"{&quot;background_background&quot;:&quot;classic&quot;,&quot;jet_parallax_layout_list&quot;:[]}\">\n\t\t\t\t\t<div class=\"e-con-inner\">\n\t\t\t\t<div class=\"elementor-element elementor-element-2674179 elementor-widget elementor-widget-video\" data-id=\"2674179\" data-element_type=\"widget\" data-e-type=\"widget\" data-settings=\"{&quot;youtube_url&quot;:&quot;https:\\\/\\\/youtu.be\\\/1tclg0s291g&quot;,&quot;show_image_overlay&quot;:&quot;yes&quot;,&quot;video_type&quot;:&quot;youtube&quot;,&quot;controls&quot;:&quot;yes&quot;,&quot;image_overlay&quot;:{&quot;id&quot;:39988,&quot;url&quot;:&quot;https:\\\/\\\/aebanca.es\\\/wp-content\\\/uploads\\\/2026\\\/04\\\/DSC02286-1.jpg&quot;}}\" data-widget_type=\"video.default\">\n\t\t\t\t\t\t\t<div class=\"elementor-wrapper elementor-open-inline\">\n\t\t\t<div class=\"elementor-video\"><\/div>\t\t\t\t<div class=\"elementor-custom-embed-image-overlay\" style=\"background-image: url(https:\/\/aebanca.es\/wp-content\/uploads\/2026\/04\/DSC02286-1.jpg);\">\n\t\t\t\t\t\t\t\t\t\t\t\t\t\t\t\t<div class=\"elementor-custom-embed-play\" role=\"button\" aria-label=\"Play Video\" tabindex=\"0\">\n\t\t\t\t\t\t\t<svg aria-hidden=\"true\" class=\"e-font-icon-svg e-eicon-play\" viewBox=\"0 0 1000 1000\" xmlns=\"http:\/\/www.w3.org\/2000\/svg\"><path d=\"M838 162C746 71 633 25 500 25 371 25 258 71 163 162 71 254 25 367 25 500 25 633 71 746 163 837 254 929 367 979 500 979 633 979 746 933 838 837 929 746 975 633 975 500 975 367 929 254 838 162M808 192C892 279 933 379 933 500 933 621 892 725 808 808 725 892 621 938 500 938 379 938 279 896 196 808 113 725 67 621 67 500 67 379 108 279 196 192 279 108 383 62 500 62 621 62 721 108 808 192M438 392V642L642 517 438 392Z\"><\/path><\/svg>\t\t\t\t\t\t<\/div>\n\t\t\t\t\t\t\t\t\t<\/div>\n\t\t\t\t\t<\/div>\n\t\t\t\t\t\t<\/div>\n\t\t\t\t\t<\/div>\n\t\t\t\t<\/div>\n\t\t<div class=\"elementor-element elementor-element-3462393 e-flex e-con-boxed e-con e-parent\" data-id=\"3462393\" data-element_type=\"container\" data-e-type=\"container\" data-settings=\"{&quot;jet_parallax_layout_list&quot;:[]}\">\n\t\t\t\t\t<div class=\"e-con-inner\">\n\t\t<div class=\"elementor-element elementor-element-110712f e-con-full e-flex e-con e-child\" data-id=\"110712f\" data-element_type=\"container\" data-e-type=\"container\" data-settings=\"{&quot;jet_parallax_layout_list&quot;:[]}\">\n\t\t\t\t<div class=\"elementor-element elementor-element-f3e84b8 elementor-widget elementor-widget-jet-listing-dynamic-field\" data-id=\"f3e84b8\" data-element_type=\"widget\" data-e-type=\"widget\" data-widget_type=\"jet-listing-dynamic-field.default\">\n\t\t\t\t\t<div class=\"jet-listing-dynamic-field__content\" >April 28, 2026<\/div>\t\t\t\t<\/div>\n\t\t\t\t<div class=\"elementor-element elementor-element-4a0b7ea elementor-widget elementor-widget-heading\" data-id=\"4a0b7ea\" data-element_type=\"widget\" data-e-type=\"widget\" data-widget_type=\"heading.default\">\n\t\t\t\t\t<h2 class=\"elementor-heading-title elementor-size-default\">Alejandra Kindel\u00e1n talks about the priorities of her second term in office<\/h2>\t\t\t\t<\/div>\n\t\t\t\t<div class=\"elementor-element elementor-element-d0e9778 elementor-widget elementor-widget-jet-listing-dynamic-field\" data-id=\"d0e9778\" data-element_type=\"widget\" data-e-type=\"widget\" data-widget_type=\"jet-listing-dynamic-field.default\">\n\t\t\t\t\t<div class=\"jet-listing-dynamic-field__content\" >The re-election of Alejandra Kindel\u00e1n as head of the Spanish Banking Association opens a new stage to continue strengthening the role of the sector at a key moment for the economy and society.<\/div>\t\t\t\t<\/div>\n\t\t\t\t<\/div>\n\t\t\t\t\t<\/div>\n\t\t\t\t<\/div>\n\t\t\t\t<\/div>\n\t\t<\/div><\/div><\/div>\t\t\t\t<\/div>\n\t\t\t\t<\/div>\n\t\t\t\t\t<\/div>\n\t\t\t\t<\/div>\n\t\t<div class=\"elementor-element elementor-element-4e3c291 e-flex e-con-boxed e-con e-child\" data-id=\"4e3c291\" data-element_type=\"container\" data-e-type=\"container\" data-settings=\"{&quot;jet_parallax_layout_list&quot;:[],&quot;background_background&quot;:&quot;classic&quot;}\">\n\t\t\t\t\t<div class=\"e-con-inner\">\n\t\t\t\t<div class=\"elementor-element elementor-element-cd53ea4 elementor-widget elementor-widget-heading\" data-id=\"cd53ea4\" data-element_type=\"widget\" data-e-type=\"widget\" data-widget_type=\"heading.default\">\n\t\t\t\t\t<h2 class=\"elementor-heading-title elementor-size-default\">All videos<\/h2>\t\t\t\t<\/div>\n\t\t\t\t<div class=\"elementor-element elementor-element-041fec3 elementor-widget elementor-widget-jet-listing-grid\" data-id=\"041fec3\" data-element_type=\"widget\" data-e-type=\"widget\" data-settings=\"{&quot;columns&quot;:&quot;1&quot;}\" data-widget_type=\"jet-listing-grid.default\">\n\t\t\t\t\t<div class=\"jet-listing-grid jet-listing-grid--lazy-load jet-listing jet-listing-grid-loading\" data-lazy-load=\"{&quot;offset&quot;:&quot;0px&quot;,&quot;post_id&quot;:32548,&quot;queried_id&quot;:&quot;32548|WP_Post&quot;}\"><div class=\"jet-listing-grid__loader\"><div class=\"jet-listing-grid__loader-spinner\"><\/div><\/div><\/div>\t\t\t\t<\/div>\n\t\t\t\t<div class=\"elementor-element elementor-element-ef98a73 elementor-align-center haz-click-boton elementor-hidden-widescreen elementor-hidden-desktop elementor-hidden-laptop elementor-hidden-tablet_extra elementor-hidden-tablet elementor-hidden-mobile_extra elementor-hidden-mobile elementor-widget elementor-widget-button\" data-id=\"ef98a73\" data-element_type=\"widget\" data-e-type=\"widget\" data-widget_type=\"button.default\">\n\t\t\t\t\t\t\t\t\t\t<a class=\"elementor-button elementor-button-link elementor-size-sm\" href=\"#\" id=\"mas-videos\">\n\t\t\t\t\t\t<span class=\"elementor-button-content-wrapper\">\n\t\t\t\t\t\t<span class=\"elementor-button-icon\">\n\t\t\t\t<svg xmlns=\"http:\/\/www.w3.org\/2000\/svg\" width=\"13\" height=\"13\" viewBox=\"0 0 13 13\" fill=\"none\"><path d=\"M0.301833 2.17443C-0.0935669 1.78884 -0.101522 1.15573 0.284065 0.760329C0.669652 0.364929 1.30277 0.356974 1.69817 0.742561L0.301833 2.17443ZM12.0789 11.2748C12.0859 11.827 11.6438 12.2804 11.0916 12.2873L2.0923 12.4004C1.54005 12.4073 1.08675 11.9653 1.07981 11.413C1.07287 10.8608 1.51493 10.4075 2.06717 10.4005L10.0665 10.3L9.96602 2.30065C9.95908 1.74841 10.4011 1.2951 10.9534 1.28816C11.5056 1.28122 11.9589 1.72328 11.9659 2.27552L12.0789 11.2748ZM1 1.4585L1.69817 0.742561L11.7772 10.5714L11.079 11.2874L10.3809 12.0033L0.301833 2.17443L1 1.4585Z\" fill=\"white\"><\/path><\/svg>\t\t\t<\/span>\n\t\t\t\t\t\t\t\t\t<span class=\"elementor-button-text\">See more videos<\/span>\n\t\t\t\t\t<\/span>\n\t\t\t\t\t<\/a>\n\t\t\t\t\t\t\t\t<\/div>\n\t\t\t\t\t<\/div>\n\t\t\t\t<\/div>\n\t\t\t\t<\/div>\n\t\t\t\t<\/div>\n\t\t","protected":false},"excerpt":{"rendered":"<p>Here you will find videos showcasing our activities through events, interviews, key initiatives, and much more. Edit query 16 marzo 2026 Los bancos son la instituci\u00f3n m\u00e1s preparada y que mayor confianza genera entre los espa\u00f1oles para proteger sus datos personales, con una nota de 7,1 sobre 10, por delante de las Fuerzas y Cuerpos [&hellip;]<\/p>\n","protected":false},"author":1,"featured_media":0,"parent":32834,"menu_order":0,"comment_status":"closed","ping_status":"closed","template":"elementor_header_footer","meta":{"footnotes":""},"class_list":["post-32548","page","type-page","status-publish","hentry"],"yoast_head":"<!-- This site is optimized with the Yoast SEO plugin v27.4 - https:\/\/yoast.com\/product\/yoast-seo-wordpress\/ -->\n<title>Videos - Asociaci\u00f3n Espa\u00f1ola de Banca<\/title>\n<meta name=\"robots\" content=\"index, follow, max-snippet:-1, max-image-preview:large, max-video-preview:-1\" \/>\n<link rel=\"canonical\" href=\"https:\/\/aebanca.es\/en\/latest-news\/multimedia\/videos\/\" \/>\n<meta property=\"og:locale\" content=\"en_US\" \/>\n<meta property=\"og:type\" content=\"article\" \/>\n<meta property=\"og:title\" content=\"Videos - Asociaci\u00f3n Espa\u00f1ola de Banca\" \/>\n<meta property=\"og:description\" content=\"Here you will find videos showcasing our activities through events, interviews, key initiatives, and much more. Edit query 16 marzo 2026 Los bancos son la instituci\u00f3n m\u00e1s preparada y que mayor confianza genera entre los espa\u00f1oles para proteger sus datos personales, con una nota de 7,1 sobre 10, por delante de las Fuerzas y Cuerpos [&hellip;]\" \/>\n<meta property=\"og:url\" content=\"https:\/\/aebanca.es\/en\/latest-news\/multimedia\/videos\/\" \/>\n<meta property=\"og:site_name\" content=\"Asociaci\u00f3n Espa\u00f1ola de Banca\" \/>\n<meta property=\"article:modified_time\" content=\"2026-03-30T15:29:27+00:00\" \/>\n<meta name=\"twitter:card\" content=\"summary_large_image\" \/>\n<meta name=\"twitter:site\" content=\"@aebanca\" \/>\n<script type=\"application\/ld+json\" class=\"yoast-schema-graph\">{\"@context\":\"https:\\\/\\\/schema.org\",\"@graph\":[{\"@type\":\"WebPage\",\"@id\":\"https:\\\/\\\/aebanca.es\\\/en\\\/latest-news\\\/multimedia\\\/videos\\\/\",\"url\":\"https:\\\/\\\/aebanca.es\\\/en\\\/latest-news\\\/multimedia\\\/videos\\\/\",\"name\":\"Videos - Asociaci\u00f3n Espa\u00f1ola de Banca\",\"isPartOf\":{\"@id\":\"https:\\\/\\\/aebanca.es\\\/en\\\/#website\"},\"datePublished\":\"2025-08-08T07:05:37+00:00\",\"dateModified\":\"2026-03-30T15:29:27+00:00\",\"breadcrumb\":{\"@id\":\"https:\\\/\\\/aebanca.es\\\/en\\\/latest-news\\\/multimedia\\\/videos\\\/#breadcrumb\"},\"inLanguage\":\"en-US\",\"potentialAction\":[{\"@type\":\"ReadAction\",\"target\":[\"https:\\\/\\\/aebanca.es\\\/en\\\/latest-news\\\/multimedia\\\/videos\\\/\"]}]},{\"@type\":\"WebSite\",\"@id\":\"https:\\\/\\\/aebanca.es\\\/en\\\/#website\",\"url\":\"https:\\\/\\\/aebanca.es\\\/en\\\/\",\"name\":\"AEB\",\"description\":\"Asociaci\u00f3n Espa\u00f1ola de Banca\",\"publisher\":{\"@id\":\"https:\\\/\\\/aebanca.es\\\/en\\\/#organization\"},\"potentialAction\":[{\"@type\":\"SearchAction\",\"target\":{\"@type\":\"EntryPoint\",\"urlTemplate\":\"https:\\\/\\\/aebanca.es\\\/en\\\/?s={search_term_string}\"},\"query-input\":{\"@type\":\"PropertyValueSpecification\",\"valueRequired\":true,\"valueName\":\"search_term_string\"}}],\"inLanguage\":\"en-US\"},{\"@type\":\"Organization\",\"@id\":\"https:\\\/\\\/aebanca.es\\\/en\\\/#organization\",\"name\":\"AEB\",\"url\":\"https:\\\/\\\/aebanca.es\\\/en\\\/\",\"logo\":{\"@type\":\"ImageObject\",\"inLanguage\":\"en-US\",\"@id\":\"https:\\\/\\\/aebanca.es\\\/en\\\/#\\\/schema\\\/logo\\\/image\\\/\",\"url\":\"https:\\\/\\\/aebanca.es\\\/wp-content\\\/uploads\\\/2025\\\/07\\\/LOGO-AEB-menu.svg\",\"contentUrl\":\"https:\\\/\\\/aebanca.es\\\/wp-content\\\/uploads\\\/2025\\\/07\\\/LOGO-AEB-menu.svg\",\"width\":57,\"height\":22,\"caption\":\"AEB\"},\"image\":{\"@id\":\"https:\\\/\\\/aebanca.es\\\/en\\\/#\\\/schema\\\/logo\\\/image\\\/\"},\"sameAs\":[\"https:\\\/\\\/x.com\\\/aebanca\"]}]}<\/script>\n<!-- \/ Yoast SEO plugin. -->","yoast_head_json":{"title":"Videos - Asociaci\u00f3n Espa\u00f1ola de Banca","robots":{"index":"index","follow":"follow","max-snippet":"max-snippet:-1","max-image-preview":"max-image-preview:large","max-video-preview":"max-video-preview:-1"},"canonical":"https:\/\/aebanca.es\/en\/latest-news\/multimedia\/videos\/","og_locale":"en_US","og_type":"article","og_title":"Videos - Asociaci\u00f3n Espa\u00f1ola de Banca","og_description":"Here you will find videos showcasing our activities through events, interviews, key initiatives, and much more. Edit query 16 marzo 2026 Los bancos son la instituci\u00f3n m\u00e1s preparada y que mayor confianza genera entre los espa\u00f1oles para proteger sus datos personales, con una nota de 7,1 sobre 10, por delante de las Fuerzas y Cuerpos [&hellip;]","og_url":"https:\/\/aebanca.es\/en\/latest-news\/multimedia\/videos\/","og_site_name":"Asociaci\u00f3n Espa\u00f1ola de Banca","article_modified_time":"2026-03-30T15:29:27+00:00","twitter_card":"summary_large_image","twitter_site":"@aebanca","schema":{"@context":"https:\/\/schema.org","@graph":[{"@type":"WebPage","@id":"https:\/\/aebanca.es\/en\/latest-news\/multimedia\/videos\/","url":"https:\/\/aebanca.es\/en\/latest-news\/multimedia\/videos\/","name":"Videos - Asociaci\u00f3n Espa\u00f1ola de Banca","isPartOf":{"@id":"https:\/\/aebanca.es\/en\/#website"},"datePublished":"2025-08-08T07:05:37+00:00","dateModified":"2026-03-30T15:29:27+00:00","breadcrumb":{"@id":"https:\/\/aebanca.es\/en\/latest-news\/multimedia\/videos\/#breadcrumb"},"inLanguage":"en-US","potentialAction":[{"@type":"ReadAction","target":["https:\/\/aebanca.es\/en\/latest-news\/multimedia\/videos\/"]}]},{"@type":"WebSite","@id":"https:\/\/aebanca.es\/en\/#website","url":"https:\/\/aebanca.es\/en\/","name":"AEB","description":"Asociaci\u00f3n Espa\u00f1ola de Banca","publisher":{"@id":"https:\/\/aebanca.es\/en\/#organization"},"potentialAction":[{"@type":"SearchAction","target":{"@type":"EntryPoint","urlTemplate":"https:\/\/aebanca.es\/en\/?s={search_term_string}"},"query-input":{"@type":"PropertyValueSpecification","valueRequired":true,"valueName":"search_term_string"}}],"inLanguage":"en-US"},{"@type":"Organization","@id":"https:\/\/aebanca.es\/en\/#organization","name":"AEB","url":"https:\/\/aebanca.es\/en\/","logo":{"@type":"ImageObject","inLanguage":"en-US","@id":"https:\/\/aebanca.es\/en\/#\/schema\/logo\/image\/","url":"https:\/\/aebanca.es\/wp-content\/uploads\/2025\/07\/LOGO-AEB-menu.svg","contentUrl":"https:\/\/aebanca.es\/wp-content\/uploads\/2025\/07\/LOGO-AEB-menu.svg","width":57,"height":22,"caption":"AEB"},"image":{"@id":"https:\/\/aebanca.es\/en\/#\/schema\/logo\/image\/"},"sameAs":["https:\/\/x.com\/aebanca"]}]}},"_links":{"self":[{"href":"https:\/\/aebanca.es\/en\/wp-json\/wp\/v2\/pages\/32548","targetHints":{"allow":["GET"]}}],"collection":[{"href":"https:\/\/aebanca.es\/en\/wp-json\/wp\/v2\/pages"}],"about":[{"href":"https:\/\/aebanca.es\/en\/wp-json\/wp\/v2\/types\/page"}],"author":[{"embeddable":true,"href":"https:\/\/aebanca.es\/en\/wp-json\/wp\/v2\/users\/1"}],"replies":[{"embeddable":true,"href":"https:\/\/aebanca.es\/en\/wp-json\/wp\/v2\/comments?post=32548"}],"version-history":[{"count":2,"href":"https:\/\/aebanca.es\/en\/wp-json\/wp\/v2\/pages\/32548\/revisions"}],"predecessor-version":[{"id":32555,"href":"https:\/\/aebanca.es\/en\/wp-json\/wp\/v2\/pages\/32548\/revisions\/32555"}],"up":[{"embeddable":true,"href":"https:\/\/aebanca.es\/en\/wp-json\/wp\/v2\/pages\/32834"}],"wp:attachment":[{"href":"https:\/\/aebanca.es\/en\/wp-json\/wp\/v2\/media?parent=32548"}],"curies":[{"name":"wp","href":"https:\/\/api.w.org\/{rel}","templated":true}]}}